{"id":723,"date":"2018-10-19T20:08:02","date_gmt":"2018-10-19T20:08:02","guid":{"rendered":"http:\/\/wordpress-89239-751427.cloudwaysapps.com\/?page_id=723"},"modified":"2018-10-19T20:08:02","modified_gmt":"2018-10-19T20:08:02","slug":"homepage-custom-slider","status":"publish","type":"page","link":"https:\/\/casasdesaobento.com\/pt\/homepage-custom-slider\/","title":{"rendered":"Homepage &#8211; Custom Slider"},"content":{"rendered":"<p>[vc_row][vc_column]<div style=\"clear:both; width:100%; height:50px\"><\/div>\t\t<div class=\"homey-module module-title section-title-module text-left \">\r\n\t\t\t<h2 >Our Featured Homes<\/h2>\r\n\r\n\t\t\t<p  class=\"sub-heading\">Hand-picked selection of quality places<\/p>\r\n\t\t<\/div>\r\n\t\t<div style=\"clear:both; width:100%; height:30px\"><\/div>\r\n\t\t<div id=\"listings_module_section\" class=\"module-wrap property-module-grid\">\r\n\t\t\t<div class=\"listing-wrap item-grid-view\">\r\n\t\t\t\t<div id=\"module_listings\" class=\"row\">\r\n\t\t\t\t\t<div class=\"item-wrap\"><h4 class=\"not-found\">Sorry no results found<\/h4><\/div>\t\t\t\t<\/div>\r\n\t\t\t\t\r\n\t\t\t\t\t\t\t\t<div class=\"homey-loadmore loadmore text-center\">\r\n\t\t\t\t\t<a\r\n\t\t\t\t\tdata-paged=\"2\" \r\n                    data-limit=\"6\" \r\n                    data-style=\"grid\" \r\n                    data-booking_type=\"\" \r\n                    data-type=\"\" \r\n                    data-roomtype=\"\"\r\n                    data-country=\"\"  \r\n                    data-state=\"\" \r\n                    data-city=\"\" \r\n                    data-area=\"\" \r\n                    data-featured=\"\" \r\n                    data-offset=\"\"\r\n                    data-sortby=\"featured_top\"\r\n                    href=\"#\" \r\n\t\t\t\t\tclass=\"btn btn-primary btn-long\">\r\n\t\t\t\t\t\t<i id=\"spinner-icon\" class=\"fa fa-spinner fa-pulse fa-spin fa-fw\" style=\"display: none;\"><\/i>\r\n\t\t\t\t\t\tLoad More\t\t\t\t\t<\/a>\r\n\t\t\t\t<\/div>\r\n\t\t\t\t\r\n\r\n\t\t\t<\/div><!-- grid-listing-page -->\r\n\t\t<\/div>\r\n\t\t\r\n\t\t<div style=\"clear:both; width:100%; height:30px\"><\/div>[\/vc_column][\/vc_row][vc_row full_width=&#8221;stretch_row&#8221; css=&#8221;.vc_custom_1539966302417{margin-top: -20px !important;background-color: #ffffff !important;}&#8221;][vc_column]<div style=\"clear:both; width:100%; height:50px\"><\/div>\t\t<div class=\"homey-module module-title section-title-module text-left \">\r\n\t\t\t<h2 >Trending Destinations<\/h2>\r\n\r\n\t\t\t<p  class=\"sub-heading\">Explore our selection of the best places around the world<\/p>\r\n\t\t<\/div>\r\n\t\t<div style=\"clear:both; width:100%; height:30px\"><\/div>\r\n\t\t<div class=\"module-wrap taxonomy-grid taxonomy-grid-1\">\r\n\t\t\t<div class=\"row\">\r\n\t\t\t\t\t\t\t\t\r\n\t\t\t<\/div>\r\n\t\t<\/div>\r\n\t\t\r\n\t\t<div style=\"clear:both; width:100%; height:30px\"><\/div>[\/vc_column][\/vc_row][vc_row full_width=&#8221;stretch_row&#8221; css=&#8221;.vc_custom_1540225486937{background-color: #f1f2f3 !important;}&#8221;][vc_column]<div style=\"clear:both; width:100%; height:50px\"><\/div>\t\t<div class=\"homey-module module-title section-title-module text-center \">\r\n\t\t\t<h2 >Your Home Kind<\/h2>\r\n\r\n\t\t\t<p  class=\"sub-heading\">Find a home that fits your comfort<\/p>\r\n\t\t<\/div>\r\n\t\t<div style=\"clear:both; width:100%; height:30px\"><\/div>\r\n\t\t<div class=\"module-wrap taxonomy-grid taxonomy-grid-3\">\r\n\t\t\t<div class=\"row\">\r\n\t\t\t\t\r\n\t\t\t\t\t<div class=\"col-sm-4 col-xs-6\">\r\n\t\t\t\t\t\t<div class=\"taxonomy-item taxonomy-card\">\r\n\t\t\t\t\t\t\t<a class=\"taxonomy-link hover-effect\" href=\"\/search-results\/?listing_type=apartment\">\r\n\t\t\t\t\t\t\t\t<div class=\"taxonomy-title\">Apartamento<\/div>\r\n\t\t\t\t\t\t\t\t<img class=\"img-responsive\" src=\"https:\/\/casasdesaobento.com\/wp-content\/uploads\/2022\/09\/626c34c96445-360x360.jpg\" width=\"360\" height=\"360\" alt=\"listing_type\">\r\n\t\t\t\t\t\t\t<\/a>\r\n\t\t\t\t\t\t<\/div>\r\n\t\t\t\t\t<\/div>\r\n\r\n\t\t\t\t\t\r\n\t\t\t\t\t<div class=\"col-sm-4 col-xs-6\">\r\n\t\t\t\t\t\t<div class=\"taxonomy-item taxonomy-card\">\r\n\t\t\t\t\t\t\t<a class=\"taxonomy-link hover-effect\" href=\"\/search-results\/?listing_type=room\">\r\n\t\t\t\t\t\t\t\t<div class=\"taxonomy-title\">Quarto<\/div>\r\n\t\t\t\t\t\t\t\t<img class=\"img-responsive\" src=\"https:\/\/casasdesaobento.com\/wp-content\/uploads\/2022\/09\/fa8ebea3f84c-360x360.jpg\" width=\"360\" height=\"360\" alt=\"listing_type\">\r\n\t\t\t\t\t\t\t<\/a>\r\n\t\t\t\t\t\t<\/div>\r\n\t\t\t\t\t<\/div>\r\n\r\n\t\t\t\t\t\t\t\t\t\r\n\t\t\t<\/div>\r\n\t\t<\/div>\r\n\t\t\r\n\t\t<div style=\"clear:both; width:100%; height:80px\"><\/div>[\/vc_column][\/vc_row][vc_row full_width=&#8221;stretch_row&#8221; css=&#8221;.vc_custom_1539962199495{background-color: #ffffff !important;}&#8221;][vc_column]<div style=\"clear:both; width:100%; height:50px\"><\/div>\t\t<div class=\"homey-module module-title section-title-module text-center \">\r\n\t\t\t<h2 >Hear From Our Hosts<\/h2>\r\n\r\n\t\t\t<p  class=\"sub-heading\">The biggest reward is to satisfy our clients and share their experience with us<\/p>\r\n\t\t<\/div>\r\n\t\t<div style=\"clear:both; width:100%; height:30px\"><\/div>\n        <!--start testimonials module-->\n        \n                        <script>\n                jQuery(document).ready(function ($) {\n\n                    $('.testimonials-slider').slick({\n                        rtl: false,\n                        lazyLoad: 'ondemand',\n                        infinite: true,\n                        speed: 300,\n                        slidesToShow: 4,\n                        arrows: true,\n                        adaptiveHeight: true,\n                        dots: true,\n                        appendArrows: '.testimonials-module-slider',\n                        prevArrow: '<button type=\"button\" class=\"slick-prev\">Anterior<\/button>',\n                        nextArrow: '<button type=\"button\" class=\"slick-next\">Seguinte<\/button>',\n                        responsive: [\n                        {\n                            breakpoint: 992,\n                            settings: {\n                                slidesToShow: 2,\n                                slidesToScroll: 2\n                            }\n                        },\n                        {\n                            breakpoint: 769,\n                            settings: {\n                                slidesToShow: 1,\n                                slidesToScroll: 1\n                            }\n                        }]\n                    });\n\n                });\n            <\/script>\n\n            <div class=\"module-wrap testimonials-module testimonials-module-slider\">\n                <div class=\"testimonials-slider-wrap\">\n                    <div class=\"row\">\n                        <div class=\"testimonials-slider\">\n                            <div class=\"testimonial-item text-center\"><p class=\"description\">Great property, very clean, great communication from the manager, Joana was very flexible with our check-in time which was most appreciated. Location is downtown and very central, walking distance to many sights.<\/p><div class=\"testimonial-thumb\"><img width=\"120\" height=\"120\" src=\"https:\/\/casasdesaobento.com\/wp-content\/uploads\/2021\/02\/expedia-150x150.png\" class=\"img-circle img-responsive\" alt=\"\" loading=\"lazy\" srcset=\"https:\/\/casasdesaobento.com\/wp-content\/uploads\/2021\/02\/expedia-150x150.png 150w, https:\/\/casasdesaobento.com\/wp-content\/uploads\/2021\/02\/expedia-300x300.png 300w, https:\/\/casasdesaobento.com\/wp-content\/uploads\/2021\/02\/expedia-768x768.png 768w, https:\/\/casasdesaobento.com\/wp-content\/uploads\/2021\/02\/expedia-250x250.png 250w, https:\/\/casasdesaobento.com\/wp-content\/uploads\/2021\/02\/expedia-500x500.png 500w, https:\/\/casasdesaobento.com\/wp-content\/uploads\/2021\/02\/expedia-360x360.png 360w, https:\/\/casasdesaobento.com\/wp-content\/uploads\/2021\/02\/expedia.png 920w\" sizes=\"(max-width: 120px) 100vw, 120px\" \/><\/div><p class=\"auther-info\"><strong>Chris<\/strong><br><em>Expedia<\/em><\/p><\/div><div class=\"testimonial-item text-center\"><p class=\"description\">We had a lovely stay at Casas de S\u00e3o Bento. The room was beautiful and clean and the location was easy to find and navigate to. I wish we had been able to stay longer and enjoy the space more fully.<\/p><div class=\"testimonial-thumb\"><img width=\"120\" height=\"120\" src=\"https:\/\/casasdesaobento.com\/wp-content\/uploads\/2021\/02\/expedia-150x150.png\" class=\"img-circle img-responsive\" alt=\"\" loading=\"lazy\" srcset=\"https:\/\/casasdesaobento.com\/wp-content\/uploads\/2021\/02\/expedia-150x150.png 150w, https:\/\/casasdesaobento.com\/wp-content\/uploads\/2021\/02\/expedia-300x300.png 300w, https:\/\/casasdesaobento.com\/wp-content\/uploads\/2021\/02\/expedia-768x768.png 768w, https:\/\/casasdesaobento.com\/wp-content\/uploads\/2021\/02\/expedia-250x250.png 250w, https:\/\/casasdesaobento.com\/wp-content\/uploads\/2021\/02\/expedia-500x500.png 500w, https:\/\/casasdesaobento.com\/wp-content\/uploads\/2021\/02\/expedia-360x360.png 360w, https:\/\/casasdesaobento.com\/wp-content\/uploads\/2021\/02\/expedia.png 920w\" sizes=\"(max-width: 120px) 100vw, 120px\" \/><\/div><p class=\"auther-info\"><strong>Holly<\/strong><br><em>Expedia<\/em><\/p><\/div><div class=\"testimonial-item text-center\"><p class=\"description\">Super cosy place, the rooms were lovely and comfort and the terrace was an added bonus. The receptionist was lovely and helpful. I very much enjoyed my stay here and would definitely consider coming back! The location was also perfect since it&#039;s quite close to Bairro Alto but not right in the hustle and bustle.<\/p><div class=\"testimonial-thumb\"><img width=\"120\" height=\"120\" src=\"https:\/\/casasdesaobento.com\/wp-content\/uploads\/2021\/02\/17dcf4ba715b51b8c23baeb707c38ad7-150x150.png\" class=\"img-circle img-responsive\" alt=\"\" loading=\"lazy\" srcset=\"https:\/\/casasdesaobento.com\/wp-content\/uploads\/2021\/02\/17dcf4ba715b51b8c23baeb707c38ad7-150x150.png 150w, https:\/\/casasdesaobento.com\/wp-content\/uploads\/2021\/02\/17dcf4ba715b51b8c23baeb707c38ad7-300x300.png 300w, https:\/\/casasdesaobento.com\/wp-content\/uploads\/2021\/02\/17dcf4ba715b51b8c23baeb707c38ad7-250x250.png 250w, https:\/\/casasdesaobento.com\/wp-content\/uploads\/2021\/02\/17dcf4ba715b51b8c23baeb707c38ad7.png 768w, https:\/\/casasdesaobento.com\/wp-content\/uploads\/2021\/02\/17dcf4ba715b51b8c23baeb707c38ad7-500x500.png 500w, https:\/\/casasdesaobento.com\/wp-content\/uploads\/2021\/02\/17dcf4ba715b51b8c23baeb707c38ad7-360x360.png 360w\" sizes=\"(max-width: 120px) 100vw, 120px\" \/><\/div><p class=\"auther-info\"><strong>Jennifer<\/strong><br><em>Booking<\/em><\/p><\/div><div class=\"testimonial-item text-center\"><p class=\"description\">Emplacement exceptionnel face \u00e0 l&#039;Assembl\u00e9e Nationale. Mariage bien r\u00e9ussi entre patrimoine et modernit\u00e9. L&#039;h\u00f4tesse \u00e9tait accueillante et professionnelle<\/p><div class=\"testimonial-thumb\"><img width=\"120\" height=\"120\" src=\"https:\/\/casasdesaobento.com\/wp-content\/uploads\/2021\/02\/17dcf4ba715b51b8c23baeb707c38ad7-150x150.png\" class=\"img-circle img-responsive\" alt=\"\" loading=\"lazy\" srcset=\"https:\/\/casasdesaobento.com\/wp-content\/uploads\/2021\/02\/17dcf4ba715b51b8c23baeb707c38ad7-150x150.png 150w, https:\/\/casasdesaobento.com\/wp-content\/uploads\/2021\/02\/17dcf4ba715b51b8c23baeb707c38ad7-300x300.png 300w, https:\/\/casasdesaobento.com\/wp-content\/uploads\/2021\/02\/17dcf4ba715b51b8c23baeb707c38ad7-250x250.png 250w, https:\/\/casasdesaobento.com\/wp-content\/uploads\/2021\/02\/17dcf4ba715b51b8c23baeb707c38ad7.png 768w, https:\/\/casasdesaobento.com\/wp-content\/uploads\/2021\/02\/17dcf4ba715b51b8c23baeb707c38ad7-500x500.png 500w, https:\/\/casasdesaobento.com\/wp-content\/uploads\/2021\/02\/17dcf4ba715b51b8c23baeb707c38ad7-360x360.png 360w\" sizes=\"(max-width: 120px) 100vw, 120px\" \/><\/div><p class=\"auther-info\"><strong>Nabil<\/strong><br><em>Booking<\/em><\/p><\/div>                        <\/div>\n                    <\/div>\n                <\/div>\n            <\/div>\n\n                <!--end post testimonials module-->\n\n\n        <div style=\"clear:both; width:100%; height:50px\"><\/div>[\/vc_column][\/vc_row][vc_row][vc_column]<div style=\"clear:both; width:100%; height:50px\"><\/div>\t\t<div class=\"homey-module module-title section-title-module text-left \">\r\n\t\t\t<h2 >From Our Blog<\/h2>\r\n\r\n\t\t\t<p  class=\"sub-heading\">Keep always update on latest topics<\/p>\r\n\t\t<\/div>\r\n\t\t<div style=\"clear:both; width:100%; height:30px\"><\/div>        <script>\n            jQuery(document).ready(function ($) {\n\n                var post_card = $('#blog-carousel-e4FX0');\n\n                post_card.slick({\n                    rtl: false,\n                    lazyLoad: 'ondemand',\n                    infinite: true,\n                    speed: 300,\n                    slidesToShow: 3,\n                    arrows: true,\n                    adaptiveHeight: true,\n                    dots: true,\n                    appendArrows: '.blog-module-slider',\n                    prevArrow: '<button type=\"button\" class=\"slick-prev\">Prev<\/button>',\n                    nextArrow: '<button type=\"button\" class=\"slick-next\">Next<\/button>',\n                    responsive: [\n                    {\n                        breakpoint: 992,\n                        settings: {\n                            slidesToShow: 2,\n                            slidesToScroll: 2\n                        }\n                    },\n                    {\n                        breakpoint: 769,\n                        settings: {\n                            slidesToShow: 1,\n                            slidesToScroll: 1\n                        }\n                    }]\n                });\n            });\n        <\/script>\n\n        <div class=\"module-wrap blog-module blog-module-slider\">\n            <div class=\"blog-module-wrap\">\n                <div id=\"blog-carousel-e4FX0\" class=\"blog-module-slider-view\">\n                                                        <\/div>\n            <\/div>\n        <\/div>\n\n\n        [\/vc_column][\/vc_row][vc_row][vc_column]<div style=\"clear:both; width:100%; height:50px\"><\/div>\t\t<div class=\"homey-module module-title section-title-module text-left \">\r\n\t\t\t<h2 >Our Partners<\/h2>\r\n\r\n\t\t\t<p  class=\"sub-heading\">We only work with the best companies around the globe<\/p>\r\n\t\t<\/div>\r\n\t\t<div style=\"clear:both; width:100%; height:30px\"><\/div>        <script>\n            jQuery(document).ready(function ($) {\n\n                var sliderdiv = $('.partners-slider');\n\n                sliderdiv.slick({\n                    rtl: false,\n                    lazyLoad: 'ondemand',\n                    infinite: true,\n                    speed: 300,\n                    slidesToShow: 4,\n                    arrows: true,\n                    adaptiveHeight: true,\n                    dots: true,\n                    appendArrows: '.partners-module-slider',\n                    prevArrow: '<button type=\"button\" class=\"slick-prev\">Anterior<\/button>',\n                    nextArrow: '<button type=\"button\" class=\"slick-next\">Seguinte<\/button>',\n                    responsive: [\n                    {\n                        breakpoint: 992,\n                        settings: {\n                            slidesToShow: 3,\n                            slidesToScroll: 3\n                        }\n                    },\n                    {\n                        breakpoint: 769,\n                        settings: {\n                            slidesToShow: 2,\n                            slidesToScroll: 2\n                        }\n                    }]\n                });\n            });\n        <\/script>\n\n        <div class=\"module-wrap partners-module partners-module-slider\">\n            <div class=\"partners-slider-wrap\">\n                <div class=\"row\">\n                    <div class=\"partners-slider\">\n\n                                                    <div class=\"partner-item text-center\">\n                                <div class=\"partner-thumb\">\n                                    <a target=\"_blank\" href=\"http:\/\/homeywp.com\">\n                                        <img src=\"https:\/\/placehold.it\/450x300&text=Casas+de+S%C3%A3o+Bento\" alt=\"placeholder\" \/>                                    <\/a>\n                                <\/div>\n                            <\/div>\n                                                    <div class=\"partner-item text-center\">\n                                <div class=\"partner-thumb\">\n                                    <a target=\"_blank\" href=\"http:\/\/homeywp.com\">\n                                        <img src=\"https:\/\/placehold.it\/450x300&text=Casas+de+S%C3%A3o+Bento\" alt=\"placeholder\" \/>                                    <\/a>\n                                <\/div>\n                            <\/div>\n                                                    <div class=\"partner-item text-center\">\n                                <div class=\"partner-thumb\">\n                                    <a target=\"_blank\" href=\"http:\/\/homeywp.com\">\n                                        <img src=\"https:\/\/placehold.it\/450x300&text=Casas+de+S%C3%A3o+Bento\" alt=\"placeholder\" \/>                                    <\/a>\n                                <\/div>\n                            <\/div>\n                                                    <div class=\"partner-item text-center\">\n                                <div class=\"partner-thumb\">\n                                    <a target=\"_blank\" href=\"http:\/\/homeywp.com\">\n                                        <img src=\"https:\/\/placehold.it\/450x300&text=Casas+de+S%C3%A3o+Bento\" alt=\"placeholder\" \/>                                    <\/a>\n                                <\/div>\n                            <\/div>\n                                                    <div class=\"partner-item text-center\">\n                                <div class=\"partner-thumb\">\n                                    <a target=\"_blank\" href=\"http:\/\/homeywp.com\">\n                                        <img src=\"https:\/\/placehold.it\/450x300&text=Casas+de+S%C3%A3o+Bento\" alt=\"placeholder\" \/>                                    <\/a>\n                                <\/div>\n                            <\/div>\n                                                    <div class=\"partner-item text-center\">\n                                <div class=\"partner-thumb\">\n                                    <a target=\"_blank\" href=\"http:\/\/homeywp.com\">\n                                        <img src=\"https:\/\/placehold.it\/450x300&text=Casas+de+S%C3%A3o+Bento\" alt=\"placeholder\" \/>                                    <\/a>\n                                <\/div>\n                            <\/div>\n                                                \n                    <\/div>\n                <\/div>\n            <\/div>\n        <\/div>\n\n        [\/vc_column][\/vc_row]<\/p>\n","protected":false},"excerpt":{"rendered":"<p>[vc_row][vc_column][\/vc_column][\/vc_row][vc_row full_width=&#8221;stretch_row&#8221; css=&#8221;.vc_custom_1539966302417{margin-top: -20px !important;background-color: #ffffff !important;}&#8221;][vc_column][\/vc_column][\/vc_row][vc_row full_width=&#8221;stretch_row&#8221; css=&#8221;.vc_custom_1540225486937{background-color: #f1f2f3 !important;}&#8221;][vc_column][\/vc_column][\/vc_row][vc_row full_width=&#8221;stretch_row&#8221; css=&#8221;.vc_custom_1539962199495{background-color: #ffffff !important;}&#8221;][vc_column][\/vc_column][\/vc_row][vc_row][vc_column][\/vc_column][\/vc_row][vc_row][vc_column][\/vc_column][\/vc_row]<\/p>\n","protected":false},"author":1,"featured_media":0,"parent":0,"menu_order":0,"comment_status":"closed","ping_status":"closed","template":"template\/template-homepage.php","meta":{"inline_featured_image":false,"_joinchat":[]},"_links":{"self":[{"href":"https:\/\/casasdesaobento.com\/pt\/wp-json\/wp\/v2\/pages\/723"}],"collection":[{"href":"https:\/\/casasdesaobento.com\/pt\/wp-json\/wp\/v2\/pages"}],"about":[{"href":"https:\/\/casasdesaobento.com\/pt\/wp-json\/wp\/v2\/types\/page"}],"author":[{"embeddable":true,"href":"https:\/\/casasdesaobento.com\/pt\/wp-json\/wp\/v2\/users\/1"}],"replies":[{"embeddable":true,"href":"https:\/\/casasdesaobento.com\/pt\/wp-json\/wp\/v2\/comments?post=723"}],"version-history":[{"count":0,"href":"https:\/\/casasdesaobento.com\/pt\/wp-json\/wp\/v2\/pages\/723\/revisions"}],"wp:attachment":[{"href":"https:\/\/casasdesaobento.com\/pt\/wp-json\/wp\/v2\/media?parent=723"}],"curies":[{"name":"wp","href":"https:\/\/api.w.org\/{rel}","templated":true}]}}