{"id":2302,"date":"2021-02-10T16:06:46","date_gmt":"2021-02-10T16:06:46","guid":{"rendered":"https:\/\/casasdesaobento.com\/?page_id=2302"},"modified":"2023-02-14T09:01:12","modified_gmt":"2023-02-14T09:01:12","slug":"terms-and-conditions","status":"publish","type":"page","link":"https:\/\/casasdesaobento.com\/pt\/terms-and-conditions\/","title":{"rendered":"Termos e condi\u00e7\u00f5es"},"content":{"rendered":"<p class=\"western\" align=\"JUSTIFY\"><span style=\"font-family: Calibri, sans-serif;\">HOR\u00c1RIOS:<\/span><\/p>\r\n<p class=\"western\" align=\"JUSTIFY\"><span style=\"font-family: Calibri, sans-serif;\">A nossa rece\u00e7\u00e3o abre \u00e0s 9.30h, pode deixar as suas malas connosco a partir dessa hora<\/span><\/p>\r\n<p class=\"western\" align=\"JUSTIFY\"><span style=\"font-family: Calibri, sans-serif;\">Check in: 15.00h \u00e0s 00h.<\/span><\/p>\r\n<p class=\"western\" align=\"JUSTIFY\"><span style=\"font-family: Calibri, sans-serif;\">Check out: at\u00e1 \u00e0s 11h.<\/span><\/p>\r\n<p class=\"western\" align=\"JUSTIFY\"><span style=\"font-family: Calibri, sans-serif;\">Hor\u00e1rio de sil\u00eancio entre as 22h e as 08.00h.<\/span><\/p>\r\n<p class=\"western\" align=\"JUSTIFY\"><span style=\"font-family: Calibri, sans-serif;\">RESERVA\/PAGAMENTO:<\/span><\/p>\r\n<p class=\"western\" align=\"JUSTIFY\"><span style=\"font-family: Calibri, sans-serif;\">Para garantir a sua reserva, dever\u00e1 pagar por transfer\u00eancia banc\u00e1ria 100% do valor total da reserva. Dever\u00e1 enviar o comprovativo de pagamento por email no prazo de 24 horas ap\u00f3s a realiza\u00e7\u00e3o da reserva on-line. O n\u00e3o envio do comprovativo implica o cancelamento da reserva.<\/span><\/p>\r\n<p class=\"western\" align=\"JUSTIFY\"><span style=\"font-family: Calibri, sans-serif;\">FATURA:<\/span><\/p>\r\n<p class=\"western\" align=\"JUSTIFY\"><span style=\"font-family: Calibri, sans-serif;\">Se desejar fatura com NIF, dever\u00e1 preencher o campo \u201cNIF\u201d no ato da reserva.<\/span><\/p>\r\n<p class=\"western\" align=\"JUSTIFY\"><span style=\"font-family: Calibri, sans-serif;\">POL\u00cdTICA DE CANCELAMENTO:<\/span><\/p>\r\n<p class=\"western\" align=\"JUSTIFY\"><span style=\"font-family: Calibri, sans-serif;\">Caso a sua reserva seja n\u00e3o reembols\u00e1vel, n\u00e3o ser\u00e1 devolvida qualquer quantia caso a reserva seja cancelada.<\/span><\/p>\r\n<p class=\"western\" align=\"JUSTIFY\"><span style=\"font-family: Calibri, sans-serif;\">Caso a sua reserva seja reembols\u00e1vel, poder\u00e1 cancelar gratuitamente at\u00e9 48h antes do check in. <\/span><\/p>\r\n<p class=\"western\" align=\"JUSTIFY\"><span style=\"font-family: Calibri, sans-serif;\">NORMAS GERAIS\/INFORMA\u00c7\u00d5ES<\/span><\/p>\r\n<p class=\"western\" align=\"JUSTIFY\"><span style=\"font-family: Calibri, sans-serif;\">Os nossos quartos t\u00eam a capacidade m\u00e1xima de h\u00f3spedes que est\u00e1 definida na nossa p\u00e1gina. Sempre que o h\u00f3spede ultrapasse o n\u00famero previsto na sua reserva, reservamos o direito de cobrar 40 euros pelo h\u00f3spede adicional.<\/span><\/p>\r\n<p class=\"western\" align=\"JUSTIFY\"><span style=\"font-family: Calibri, sans-serif;\"><span style=\"color: #000000;\">N\u00e3o \u00e9 permitido fumar.<\/span><\/span><\/p>\r\n<p class=\"western\" align=\"JUSTIFY\"><span style=\"font-family: Calibri, sans-serif;\"><span style=\"color: #000000;\">N\u00e3o s\u00e3o permitidos animais<\/span><\/span><\/p>\r\n<p class=\"western\" align=\"JUSTIFY\"><span style=\"font-family: Calibri, sans-serif;\"><span style=\"color: #000000;\">N\u00e3o s\u00e3o permitidas festas\/eventos <\/span><\/span><\/p>\r\n<p class=\"western\" align=\"JUSTIFY\"><span style=\"font-family: Calibri, sans-serif;\"><span style=\"color: #000000;\">N\u00e3o s\u00e3o permitidas crian\u00e7as\u00a0com menos de 12 anos <\/span><\/span><\/p>\r\n<p class=\"western\" align=\"JUSTIFY\"><span style=\"font-family: Calibri, sans-serif;\"><span style=\"color: #000000;\">Apenas maiores de 18 anos podem fazer reservas.<\/span><\/span><\/p>","protected":false},"excerpt":{"rendered":"<p>HOR\u00c1RIOS: A nossa rece\u00e7\u00e3o abre \u00e0s 9.30h, pode deixar as suas malas connosco a partir dessa hora Check in: 15.00h \u00e0s 00h. Check out: at\u00e1 \u00e0s 11h. Hor\u00e1rio de sil\u00eancio entre as 22h e as 08.00h. RESERVA\/PAGAMENTO: Para garantir a sua reserva, dever\u00e1 pagar por transfer\u00eancia banc\u00e1ria 100% do valor total da reserva. Dever\u00e1 enviar [&hellip;]<\/p>\n","protected":false},"author":1,"featured_media":0,"parent":0,"menu_order":0,"comment_status":"closed","ping_status":"open","template":"","meta":{"inline_featured_image":false,"_joinchat":[]},"_links":{"self":[{"href":"https:\/\/casasdesaobento.com\/pt\/wp-json\/wp\/v2\/pages\/2302"}],"collection":[{"href":"https:\/\/casasdesaobento.com\/pt\/wp-json\/wp\/v2\/pages"}],"about":[{"href":"https:\/\/casasdesaobento.com\/pt\/wp-json\/wp\/v2\/types\/page"}],"author":[{"embeddable":true,"href":"https:\/\/casasdesaobento.com\/pt\/wp-json\/wp\/v2\/users\/1"}],"replies":[{"embeddable":true,"href":"https:\/\/casasdesaobento.com\/pt\/wp-json\/wp\/v2\/comments?post=2302"}],"version-history":[{"count":4,"href":"https:\/\/casasdesaobento.com\/pt\/wp-json\/wp\/v2\/pages\/2302\/revisions"}],"predecessor-version":[{"id":3214,"href":"https:\/\/casasdesaobento.com\/pt\/wp-json\/wp\/v2\/pages\/2302\/revisions\/3214"}],"wp:attachment":[{"href":"https:\/\/casasdesaobento.com\/pt\/wp-json\/wp\/v2\/media?parent=2302"}],"curies":[{"name":"wp","href":"https:\/\/api.w.org\/{rel}","templated":true}]}}