{"id":1292,"date":"2018-10-25T15:26:09","date_gmt":"2018-10-25T15:26:09","guid":{"rendered":"http:\/\/wordpress-89239-751427.cloudwaysapps.com\/?page_id=1292"},"modified":"2023-02-07T11:21:46","modified_gmt":"2023-02-07T11:21:46","slug":"about-homey","status":"publish","type":"page","link":"https:\/\/casasdesaobento.com\/pt\/about-homey\/","title":{"rendered":"Sobre"},"content":{"rendered":"<p>[vc_row css=&#8221;.vc_custom_1540484653733{margin-bottom: 30px !important;padding-right: 30px !important;padding-left: 30px !important;background-color: #ffffff !important;}&#8221;][vc_column]\t\t<div class=\"homey-module module-title section-title-module text-left \">\r\n\t\t\t<h2 >Casas de S\u00e3o Bento Bem Vindo a Casa<\/h2>\r\n\r\n\t\t\t<p  class=\"sub-heading\"><\/p>\r\n\t\t<\/div>\r\n\t\t[vc_row_inner equal_height=&#8221;yes&#8221;][vc_column_inner width=&#8221;1\/2&#8243;][vc_column_text]Junto ao Pal\u00e1cio de S. Bento, e \u00e1 Assembleia da Republica ( Antigo Pal\u00e1cio das Cortes, de estilo neocl\u00e1ssico, constru\u00eddo nos finais do s\u00e9culo XVI ) .<br \/>\nEst\u00e3o as \u201c Casas de S. Bento \u201c , espa\u00e7o \u00fanico e de perfeita localiza\u00e7\u00e3o para quem pretende visitar Lisboa.<br \/>\nChiado, Bairro Alto, Santos , Alfama e Castelo de S. Jorge, est\u00e3o nas proximidades a apenas alguns minutos de dist\u00e2ncia.<br \/>\nA famosa carreira do \u201c El\u00e9ctrico 28 \u201c passa \u00e1 nossa porta .<br \/>\nA proximidade com o rio Tejo, para desfrutar de um passeio a p\u00e9, ou apreciar a magia de Lisboa \u00e1 noite.<\/p>\n<p>&nbsp;<\/p>\n<p>[\/vc_column_text][\/vc_column_inner][vc_column_inner width=&#8221;1\/2&#8243;][vc_column_text]A dist\u00e2ncia entre as praias mais pr\u00f3ximas ( Caparica, Carcavelos ) de apenas 30 minutos, fazem das \u201c Casas de S. Bento \u201c um espa\u00e7o de localiza\u00e7\u00e3o privilegiada em Lisboa.<br \/>\nQuer venha em Lazer ou em Neg\u00f3cios, Lisboa tem tudo lhe oferecer.<br \/>\nDos Bairros hist\u00f3ricos aos monumentos , Museus e ao Fado , Lisboa tem uma forma \u00fanica de receber . \u201c Cheira Bem, Cheira a Lisboa \u201c<br \/>\nA nossa gastronomia \u201c 12 meses de boa cama e boa mesa \u201c s\u00e3o mais que motivos para uma visita !<\/p>\n<p><span lang=\"en-US\">Boa estad\u00eda !<\/span>[\/vc_column_text][\/vc_column_inner][\/vc_row_inner][\/vc_column][\/vc_row]<\/p>","protected":false},"excerpt":{"rendered":"<p>[vc_row css=&#8221;.vc_custom_1540484653733{margin-bottom: 30px !important;padding-right: 30px !important;padding-left: 30px !important;background-color: #ffffff !important;}&#8221;][vc_column][vc_row_inner equal_height=&#8221;yes&#8221;][vc_column_inner width=&#8221;1\/2&#8243;][vc_column_text]Junto ao Pal\u00e1cio de S. Bento, e \u00e1 Assembleia da Republica ( Antigo Pal\u00e1cio das Cortes, de estilo neocl\u00e1ssico, constru\u00eddo nos finais do s\u00e9culo XVI ) . Est\u00e3o as \u201c Casas de S. Bento \u201c , espa\u00e7o \u00fanico e de perfeita localiza\u00e7\u00e3o para quem [&hellip;]<\/p>\n","protected":false},"author":1,"featured_media":0,"parent":0,"menu_order":0,"comment_status":"closed","ping_status":"closed","template":"template\/template-homepage.php","meta":{"inline_featured_image":false,"_joinchat":[]},"_links":{"self":[{"href":"https:\/\/casasdesaobento.com\/pt\/wp-json\/wp\/v2\/pages\/1292"}],"collection":[{"href":"https:\/\/casasdesaobento.com\/pt\/wp-json\/wp\/v2\/pages"}],"about":[{"href":"https:\/\/casasdesaobento.com\/pt\/wp-json\/wp\/v2\/types\/page"}],"author":[{"embeddable":true,"href":"https:\/\/casasdesaobento.com\/pt\/wp-json\/wp\/v2\/users\/1"}],"replies":[{"embeddable":true,"href":"https:\/\/casasdesaobento.com\/pt\/wp-json\/wp\/v2\/comments?post=1292"}],"version-history":[{"count":3,"href":"https:\/\/casasdesaobento.com\/pt\/wp-json\/wp\/v2\/pages\/1292\/revisions"}],"predecessor-version":[{"id":3162,"href":"https:\/\/casasdesaobento.com\/pt\/wp-json\/wp\/v2\/pages\/1292\/revisions\/3162"}],"wp:attachment":[{"href":"https:\/\/casasdesaobento.com\/pt\/wp-json\/wp\/v2\/media?parent=1292"}],"curies":[{"name":"wp","href":"https:\/\/api.w.org\/{rel}","templated":true}]}}